{"id":23,"date":"2025-06-15T09:36:07","date_gmt":"2025-06-15T09:36:07","guid":{"rendered":"https:\/\/serene-kilby.51-89-85-76.plesk.page\/elliker-summerfest\/?page_id=23"},"modified":"2025-06-17T13:40:59","modified_gmt":"2025-06-17T13:40:59","slug":"startseite","status":"publish","type":"page","link":"https:\/\/elliker-sommerfest.39416-47309.76.prepaid-webspace.de\/","title":{"rendered":"Bisch debi?"},"content":{"rendered":"\n<div class=\"wp-block-group alignwide is-layout-flow wp-block-group-is-layout-flow\">\n<div class=\"wp-block-columns is-layout-flex wp-container-core-columns-is-layout-14cf5ab5 wp-block-columns-is-layout-flex\">\n<div class=\"wp-block-column is-layout-flow wp-block-column-is-layout-flow\" style=\"flex-basis:60%\">\n<h2 class=\"wp-block-heading\">Infos<\/h2>\n\n\n\n<p>Mir organisiered de Summer es &#8222;Elliker Summerf\u00e4st&#8220;. Ihglade sind Family und Friends.<\/p>\n\n\n\n<p>Mir macheds ganz unkompliziert und gm\u00fcetlich: es werded paar Festb\u00e4nk &amp; Grills ufgstellt und jede chan gern \u00f6ppis f\u00fcrs grosse Buffet mitbringe.<\/p>\n\n\n\n<div class=\"wp-block-group is-nowrap is-layout-flex wp-container-core-group-is-layout-6c531013 wp-block-group-is-layout-flex\">\n<figure class=\"wp-block-image size-full\"><img loading=\"lazy\" decoding=\"async\" width=\"24\" height=\"24\" src=\"https:\/\/elliker-sommerfest.39416-47309.76.prepaid-webspace.de\/wp-content\/uploads\/2025\/06\/today_24dp_5F6368_FILL0_wght400_GRAD0_opsz24-1.png\" alt=\"\" class=\"wp-image-138\"\/><\/figure>\n\n\n\n<p><strong>W\u00e4nn<\/strong>: 24.08.25, ab 13:00<\/p>\n<\/div>\n\n\n\n<div class=\"wp-block-group is-nowrap is-layout-flex wp-container-core-group-is-layout-6c531013 wp-block-group-is-layout-flex\">\n<figure class=\"wp-block-image size-full\"><img loading=\"lazy\" decoding=\"async\" width=\"24\" height=\"24\" src=\"https:\/\/elliker-sommerfest.39416-47309.76.prepaid-webspace.de\/wp-content\/uploads\/2025\/06\/map_24dp_5F6368_FILL0_wght400_GRAD0_opsz24-2.png\" alt=\"\" class=\"wp-image-141\"\/><\/figure>\n\n\n\n<p><strong>Wo<\/strong>: ufem Land in H\u00f6ngg <\/p>\n<\/div>\n\n\n\n<div class=\"wp-block-group is-nowrap is-layout-flex wp-container-core-group-is-layout-6c531013 wp-block-group-is-layout-flex\">\n<figure class=\"wp-block-image size-full\"><img loading=\"lazy\" decoding=\"async\" width=\"24\" height=\"24\" src=\"https:\/\/elliker-sommerfest.39416-47309.76.prepaid-webspace.de\/wp-content\/uploads\/2025\/06\/savings_24dp_5F6368_FILL0_wght400_GRAD0_opsz24-1.png\" alt=\"\" class=\"wp-image-139\"\/><\/figure>\n\n\n\n<p><strong>Din Bitrag<\/strong>: 20 CHF <em>f\u00fcr Festb\u00e4nk, Getr\u00e4nk &amp; so..<\/em><\/p>\n<\/div>\n<\/div>\n\n\n\n<div class=\"wp-block-column is-layout-flow wp-block-column-is-layout-flow\" style=\"flex-basis:40%\">\n<h2 class=\"wp-block-heading\">G\u00e4steliste<\/h2>\n\n\n<div class=\"guest-grid\"><div class=\"guest-name\">Robin M.<\/div><div class=\"guest-name\">Sara M.<\/div><div class=\"guest-name\">Roman W.<\/div><div class=\"guest-name\">Sheryl F.<\/div><div class=\"guest-name\">Ursula H.<\/div><div class=\"guest-name\">Kurt F.<\/div><div class=\"guest-name\">Joris M.<\/div><div class=\"guest-name\">Victor F.<\/div><div class=\"guest-name\">Peter R.<\/div><div class=\"guest-name\">Monika R.<\/div><div class=\"guest-name\">Barbara B.<\/div><div class=\"guest-name\">Marc B.<\/div><div class=\"guest-name hidden-guest\">Sina R.<\/div><div class=\"guest-name hidden-guest\">Gian R.<\/div><div class=\"guest-name hidden-guest\">Stefan W.<\/div><div class=\"guest-name hidden-guest\">Claudia R.<\/div><div class=\"guest-name hidden-guest\">Marco A.<\/div><div class=\"guest-name hidden-guest\">Lina G.<\/div><div class=\"guest-name hidden-guest\">Toni S.<\/div><div class=\"guest-name hidden-guest\">Karin F.<\/div><div class=\"guest-name hidden-guest\">Patrick G.<\/div><div class=\"guest-name hidden-guest\">Marco R.<\/div><div class=\"guest-name hidden-guest\">Matteo R.<\/div><div class=\"guest-name hidden-guest\">Nina P.<\/div><div class=\"guest-name hidden-guest\">Manuel P.<\/div><div class=\"guest-name hidden-guest\">Sarina L.<\/div><div class=\"guest-name hidden-guest\">Seline C.<\/div><div class=\"guest-name hidden-guest\">Tino K.<\/div><div class=\"guest-name hidden-guest\">Christian E.<\/div><div class=\"guest-name hidden-guest\">Mireille G.<\/div><div class=\"guest-name hidden-guest\">Heidi E.<\/div><div class=\"guest-name hidden-guest\">Andr\u00e9 M.<\/div><div class=\"guest-name hidden-guest\">Regina M.<\/div><div class=\"guest-name hidden-guest\">Eliv und Liun C.<\/div><div class=\"guest-name hidden-guest\">Guillaume C.<\/div><div class=\"guest-name hidden-guest\">Seline C.<\/div><div class=\"guest-name hidden-guest\">Felix V.<\/div><div class=\"guest-name hidden-guest\">Bea P.<\/div><div class=\"guest-name hidden-guest\">Alessio P.<\/div><div class=\"guest-name hidden-guest\">Sian W.<\/div><\/div><button id=\"show-more-guests\" onclick=\"toggleGuests()\">Mehr anzeigen<\/button><script>\nfunction toggleGuests() {\n    document.querySelectorAll('.hidden-guest').forEach(el => el.style.display = 'block');\n    document.getElementById('show-more-guests').style.display = 'none';\n}\n<\/script>\n<\/div>\n<\/div>\n<\/div>\n\n\n\n<div class=\"wp-block-group alignwide has-global-padding is-layout-constrained wp-block-group-is-layout-constrained\">\n<div class=\"wp-block-group alignwide is-layout-flow wp-block-group-is-layout-flow\">\n<div style=\"height:50px\" aria-hidden=\"true\" class=\"wp-block-spacer\"><\/div>\n\n\n\n<div class=\"wp-block-group has-background is-layout-flow wp-block-group-is-layout-flow\" style=\"border-radius:24px;background-color:#d5f1f1;padding-top:var(--wp--preset--spacing--40);padding-right:var(--wp--preset--spacing--40);padding-bottom:var(--wp--preset--spacing--40);padding-left:var(--wp--preset--spacing--40)\">\n<div class=\"wp-block-columns is-layout-flex wp-container-core-columns-is-layout-14cf5ab5 wp-block-columns-is-layout-flex\">\n<div class=\"wp-block-column is-layout-flow wp-block-column-is-layout-flow\" style=\"flex-basis:50%\">\n<h2 class=\"wp-block-heading has-text-align-left\">Bringsch \u00f6ppis mit?<\/h2>\n\n\n<div class='fluentform ff-default fluentform_wrapper_1 ffs_default_wrap'><form data-form_id=\"1\" id=\"fluentform_1\" class=\"frm-fluent-form fluent_form_1 ff-el-form-top ff_form_instance_1_1 ff-form-loading ffs_default\" data-form_instance=\"ff_form_instance_1_1\" method=\"POST\" ><fieldset  style=\"border: none!important;margin: 0!important;padding: 0!important;background-color: transparent!important;box-shadow: none!important;outline: none!important; min-inline-size: 100%;\">\n                    <legend class=\"ff_screen_reader_title\" style=\"display: block; margin: 0!important;padding: 0!important;height: 0!important;text-indent: -999999px;width: 0!important;overflow:hidden;\">Ich bring \u00f6ppis mit<\/legend><input type='hidden' name='__fluent_form_embded_post_id' value='23' \/><input type=\"hidden\" id=\"_fluentform_1_fluentformnonce\" name=\"_fluentform_1_fluentformnonce\" value=\"571931dc27\" \/><input type=\"hidden\" name=\"_wp_http_referer\" value=\"\/index.php\/wp-json\/wp\/v2\/pages\/23\" \/><div class=\"ff-el-group ff-el-section-break  ff_left\" data-name=\"section_break-1_1\" ><h3 class='ff-el-section-title'><\/h3><div class='ff-section_break_desk'><p style=\"font-size: medium\">Name<\/p><\/div><hr \/><\/div><div data-type=\"name-element\" data-name=\"names\" class=\" ff-field_container ff-name-field-wrapper\" ><div class='ff-t-container'><div class='ff-t-cell '><div class='ff-el-group  ff-el-form-hide_label'><div class=\"ff-el-input--label ff-el-is-required asterisk-right\"><label for='ff_1_names_first_name_' >Vorname<\/label><\/div><div class='ff-el-input--content'><input type=\"text\" name=\"names[first_name]\" id=\"ff_1_names_first_name_\" class=\"ff-el-form-control\" placeholder=\"Vorname\" aria-invalid=\"false\" aria-required=true><\/div><\/div><\/div><\/div><\/div><div class=\"ff-el-group ff-el-section-break  ff_left\" data-name=\"section_break-1_2\" ><h3 class='ff-el-section-title'><\/h3><div class='ff-section_break_desk'><p style=\"font-size: medium\">Weisch scho was?<\/p><\/div><hr \/><\/div><div class='ff-el-group ff-el-form-hide_label'><div class=\"ff-el-input--label asterisk-right\"><label for='ff_1_message' aria-label=\"Ich bring mit\">Ich bring mit<\/label><\/div><div class='ff-el-input--content'><textarea aria-invalid=\"false\" aria-required=false name=\"message\" id=\"ff_1_message\" class=\"ff-el-form-control\" placeholder=\"Ich bring mit...\" rows=\"4\" cols=\"2\" data-name=\"message\" ><\/textarea><\/div><\/div><div class=\"ff-el-group ff-el-section-break  ff_left\" data-name=\"section_break-1_3\" ><h3 class='ff-el-section-title'><\/h3><div class='ff-section_break_desk'><p style=\"font-size: medium\">oder bruchsch chli Inspiration?<\/p><\/div><hr \/><\/div><div data-name=\"ff_cn_id_1\"  class='ff-t-container ff-column-container ff_columns_total_2  '><div class='ff-t-cell ff-t-column-1' style='flex-basis: 50%;'><div class='ff-el-group ff-el-form-hide_label'><div class=\"ff-el-input--label asterisk-right\"><label for='ff_1_multi_select' aria-label=\"Ideen f\u00fcr Salat\">Ideen f\u00fcr Salat<\/label><\/div><div class='ff-el-input--content'><select name=\"multi_select[]\" id=\"ff_1_multi_select\" class=\"ff-el-form-control  ff_has_multi_select\" placeholder=\"Ideen f\u00fcr Salat\" multiple=\"1\" data-name=\"multi_select\" data-calc_value=\"0\"  aria-invalid=\"false\" aria-required=false><option value=\"\">Ideen f\u00fcr Salat<\/option><option value=\"Gr\u00fcner Blattsalat\"  >Gr\u00fcner Blattsalat<\/option><option value=\"N\u00fcsslisalat\"  >N\u00fcsslisalat<\/option><option value=\"H\u00e4rd\u00f6pfelsalat\"  >H\u00e4rd\u00f6pfelsalat<\/option><option value=\"Wurst-K\u00e4sesalat\"  >Wurst-K\u00e4sesalat<\/option><option value=\"Pastasalat\"  >Pastasalat<\/option><option value=\"Couscous\"  >Couscous<\/option><option value=\"Tomaten-Mozzarella\"  >Tomaten-Mozzarella<\/option><option value=\"Glasnudelsalat\"  >Glasnudelsalat<\/option><option value=\"Maissalat\"  >Maissalat<\/option><option value=\"R\u00fceblisalat\"  >R\u00fceblisalat<\/option><\/select><\/div><\/div><div class='ff-el-group ff-el-form-hide_label'><div class=\"ff-el-input--label asterisk-right\"><label for='ff_1_multi_select_2' aria-label=\"Ideen f\u00fcr Aufstriche &amp; Dips\">Ideen f\u00fcr Aufstriche &amp; Dips<\/label><\/div><div class='ff-el-input--content'><select name=\"multi_select_2[]\" id=\"ff_1_multi_select_2\" class=\"ff-el-form-control  ff_has_multi_select\" placeholder=\"Ideen f\u00fcr Aufstriche &amp; Dips\" multiple=\"1\" data-name=\"multi_select_2\" data-calc_value=\"0\"  aria-invalid=\"false\" aria-required=false><option value=\"\">Ideen f\u00fcr Aufstriche & Dips<\/option><option value=\"Kr\u00e4uterbutter\"  >Kr\u00e4uterbutter<\/option><option value=\"Guacamole\"  >Guacamole<\/option><option value=\"Tzatziki\"  >Tzatziki<\/option><option value=\"Baba Ghanoush\"  >Baba Ghanoush<\/option><option value=\"Frischk\u00e4se-Dip mit Kr\u00e4utern\"  >Frischk\u00e4se-Dip mit Kr\u00e4utern<\/option><option value=\"Oliven-Tapenade\"  >Oliven-Tapenade<\/option><option value=\"Hummus\"  >Hummus<\/option><\/select><\/div><\/div><div class='ff-el-group ff-el-form-hide_label'><div class=\"ff-el-input--label asterisk-right\"><label for='ff_1_multi_select_4' aria-label=\"Ideen f\u00fcr Fleisch\">Ideen f\u00fcr Fleisch<\/label><\/div><div class='ff-el-input--content'><select name=\"multi_select_4[]\" id=\"ff_1_multi_select_4\" class=\"ff-el-form-control  ff_has_multi_select\" placeholder=\"Ideen f\u00fcr Fleisch\" multiple=\"1\" data-name=\"multi_select_4\" data-calc_value=\"0\"  aria-invalid=\"false\" aria-required=false><option value=\"\">Ideen f\u00fcr Fleisch<\/option><option value=\"Cervelat\"  >Cervelat<\/option><option value=\"Kalbsbratwurst\"  >Kalbsbratwurst<\/option><option value=\"anderi Grillw\u00fcrstli\"  >anderi Grillw\u00fcrstli<\/option><option value=\"Spare Ribs\"  >Spare Ribs<\/option><option value=\"Poulet\"  >Poulet<\/option><option value=\"Rind\"  >Rind<\/option><option value=\"Kalb\"  >Kalb<\/option><option value=\"Schwein\"  >Schwein<\/option><option value=\"Lamm\"  >Lamm<\/option><option value=\"Fisch\"  >Fisch<\/option><\/select><\/div><\/div><\/div><div class='ff-t-cell ff-t-column-2' style='flex-basis: 50%;'><div class='ff-el-group ff-el-form-hide_label'><div class=\"ff-el-input--label asterisk-right\"><label for='ff_1_multi_select_1' aria-label=\"Ideen f\u00fcr Brot\">Ideen f\u00fcr Brot<\/label><\/div><div class='ff-el-input--content'><select name=\"multi_select_1[]\" id=\"ff_1_multi_select_1\" class=\"ff-el-form-control  ff_has_multi_select\" placeholder=\"Ideen f\u00fcr Brot\" multiple=\"1\" data-name=\"multi_select_1\" data-calc_value=\"0\"  aria-invalid=\"false\" aria-required=false><option value=\"\">Ideen f\u00fcr Brot<\/option><option value=\"Knoblauchbrot\"  >Knoblauchbrot<\/option><option value=\"Kr\u00e4uterbaguette\"  >Kr\u00e4uterbaguette<\/option><option value=\"Foccacia\"  >Foccacia<\/option><option value=\"Zopf\"  >Zopf<\/option><option value=\"Suurteigbrot\"  >Suurteigbrot<\/option><\/select><\/div><\/div><div class='ff-el-group ff-el-form-hide_label'><div class=\"ff-el-input--label asterisk-right\"><label for='ff_1_multi_select_3' aria-label=\"Ideen f\u00fcr Gm\u00fces &amp; co.\">Ideen f\u00fcr Gm\u00fces &amp; co.<\/label><\/div><div class='ff-el-input--content'><select name=\"multi_select_3[]\" id=\"ff_1_multi_select_3\" class=\"ff-el-form-control  ff_has_multi_select\" placeholder=\"Ideen f\u00fcr Gm\u00fces &amp; co.\" multiple=\"1\" data-name=\"multi_select_3\" data-calc_value=\"0\"  aria-invalid=\"false\" aria-required=false><option value=\"\">Ideen f\u00fcr Gm\u00fces & co.<\/option><option value=\"Maiskolben\"  >Maiskolben<\/option><option value=\"Gef\u00fcllte Champignons\"  >Gef\u00fcllte Champignons<\/option><option value=\"Grillk\u00e4se\"  >Grillk\u00e4se<\/option><option value=\"Tofu oder Seitan\"  >Tofu oder Seitan<\/option><option value=\"Kartoffelgratin\"  >Kartoffelgratin<\/option><option value=\"Bratkartoffeln\"  >Bratkartoffeln<\/option><option value=\"Gem\u00fcsespiessli\"  >Gem\u00fcsespiessli<\/option><option value=\"Aubergine\"  >Aubergine<\/option><option value=\"Peperoni\"  >Peperoni<\/option><option value=\"Zucchetti\"  >Zucchetti<\/option><option value=\"Tomaten\"  >Tomaten<\/option><option value=\"Fenchel\"  >Fenchel<\/option><option value=\"Sellerie\"  >Sellerie<\/option><option value=\"R\u00f6sti\"  >R\u00f6sti<\/option><option value=\"Gem\u00fcset\u00f6rtli\"  >Gem\u00fcset\u00f6rtli<\/option><option value=\"Falafel-B\u00e4llchen\"  >Falafel-B\u00e4llchen<\/option><option value=\"Feta\"  >Feta<\/option><\/select><\/div><\/div><div class='ff-el-group ff-el-form-hide_label'><div class=\"ff-el-input--label asterisk-right\"><label for='ff_1_multi_select_5' aria-label=\"Ideen f\u00fcr Dessert\">Ideen f\u00fcr Dessert<\/label><\/div><div class='ff-el-input--content'><select name=\"multi_select_5[]\" id=\"ff_1_multi_select_5\" class=\"ff-el-form-control  ff_has_multi_select\" placeholder=\"Ideen f\u00fcr Dessert\" multiple=\"1\" data-name=\"multi_select_5\" data-calc_value=\"0\"  aria-invalid=\"false\" aria-required=false><option value=\"\">Ideen f\u00fcr Dessert<\/option><option value=\"Fruchtsalat\"  >Fruchtsalat<\/option><option value=\"Wassermelone\"  >Wassermelone<\/option><option value=\"Fruchtspiessli\"  >Fruchtspiessli<\/option><option value=\"Fr\u00fccht f\u00fcr uf de Grill\"  >Fr\u00fccht f\u00fcr uf de Grill<\/option><option value=\"Tiramisu\"  >Tiramisu<\/option><option value=\"Schoggikuchen\"  >Schoggikuchen<\/option><option value=\"Brownies\"  >Brownies<\/option><option value=\"Zitronencake\"  >Zitronencake<\/option><option value=\"R\u00fceblikuchen\"  >R\u00fceblikuchen<\/option><option value=\"Blechkuchen\"  >Blechkuchen<\/option><option value=\"Roulade\"  >Roulade<\/option><option value=\"Pavlova\"  >Pavlova<\/option><option value=\"Panna Cotta\"  >Panna Cotta<\/option><\/select><\/div><\/div><\/div><\/div><div class='ff-el-group ff-text-center ff_submit_btn_wrapper'><button type=\"submit\" class=\"ff-btn ff-btn-submit ff-btn-md ff_btn_style wpf_has_custom_css\" >Speichern<\/button><\/div><\/fieldset><\/form><div id='fluentform_1_errors' class='ff-errors-in-stack ff_form_instance_1_1 ff-form-loading_errors ff_form_instance_1_1_errors'><\/div><\/div>        <script type=\"text\/javascript\">\n            window.fluent_form_ff_form_instance_1_1 = {\"id\":\"1\",\"settings\":{\"layout\":{\"labelPlacement\":\"top\",\"helpMessagePlacement\":\"with_label\",\"errorMessagePlacement\":\"inline\",\"cssClassName\":\"\",\"asteriskPlacement\":\"asterisk-right\"},\"restrictions\":{\"denyEmptySubmission\":{\"enabled\":false}}},\"form_instance\":\"ff_form_instance_1_1\",\"form_id_selector\":\"fluentform_1\",\"rules\":{\"names[first_name]\":{\"required\":{\"value\":true,\"message\":\"Pflichtfeld\",\"global\":false,\"global_message\":\"Dieses Feld ist erforderlich\"}},\"names[middle_name]\":{\"required\":{\"value\":false,\"message\":\"This field is required\",\"global\":false,\"global_message\":\"Dieses Feld ist erforderlich\"}},\"names[last_name]\":{\"required\":{\"value\":false,\"message\":\"This field is required\",\"global\":false,\"global_message\":\"Dieses Feld ist erforderlich\"}},\"message\":{\"required\":{\"value\":false,\"message\":\"This field is required\",\"global\":false,\"global_message\":\"Dieses Feld ist erforderlich\"}},\"multi_select\":{\"required\":{\"value\":false,\"message\":\"Dieses Feld ist erforderlich\",\"global_message\":\"Dieses Feld ist erforderlich\",\"global\":true}},\"multi_select_2\":{\"required\":{\"value\":false,\"message\":\"Dieses Feld ist erforderlich\",\"global_message\":\"Dieses Feld ist erforderlich\",\"global\":true}},\"multi_select_4\":{\"required\":{\"value\":false,\"message\":\"Dieses Feld ist erforderlich\",\"global_message\":\"Dieses Feld ist erforderlich\",\"global\":true}},\"multi_select_1\":{\"required\":{\"value\":false,\"message\":\"Dieses Feld ist erforderlich\",\"global_message\":\"Dieses Feld ist erforderlich\",\"global\":true}},\"multi_select_3\":{\"required\":{\"value\":false,\"message\":\"Dieses Feld ist erforderlich\",\"global_message\":\"Dieses Feld ist erforderlich\",\"global\":true}},\"multi_select_5\":{\"required\":{\"value\":false,\"message\":\"Dieses Feld ist erforderlich\",\"global_message\":\"Dieses Feld ist erforderlich\",\"global\":true}}},\"debounce_time\":300};\n                    <\/script>\n        \n<\/div>\n\n\n\n<div class=\"wp-block-column is-layout-flow wp-block-column-is-layout-flow\" style=\"flex-basis:50%\">\n<h2 class=\"wp-block-heading\">Buffet<\/h2>\n\n\n<div class=\"food-list\"><div class=\"food-name\"><b>Maissalat<\/b><em> von Monika<\/em><\/div><div class=\"food-name\"><b>Tomatensalat und Zucchettisalat<\/b><em> von Robin und Sara<\/em><\/div><div class=\"food-name\"><b>Glace<\/b><em> von Sian &amp; Alessio<\/em><\/div><div class=\"food-name\"><b>Raclette<\/b><em> von Sian &amp; Ale<\/em><\/div><div class=\"food-name\"><b>R\u00fceblikueche<\/b><em> von Sheryl<\/em><\/div><div class=\"food-name\"><b>Chips<\/b><em> von Joris<\/em><\/div><div class=\"food-name\"><b>Brownies<\/b><em> von Marc<\/em><\/div><div class=\"food-name\"><b>Steinpilzrisotto<\/b><em> von Sian<\/em><\/div><div class=\"food-name\"><b>Brot und Kuchen<\/b><em> von Claudia<\/em><\/div><div class=\"food-name\"><b>Pastasalat<\/b><em> von Lina<\/em><\/div><div class=\"food-name\"><b>R\u00fc\u00e4blisalat\r\nFocaccia<\/b><em> von Nina<\/em><\/div><div class=\"food-name\"><b>R\u00fceblisalat<\/b><em> von Nina<\/em><\/div><div class=\"food-name\"><b>Fleisch &amp; W\u00fcrste<\/b><em> von Alessio &amp; Sian<\/em><\/div><div class=\"food-name\"><b>Kartoffelsalat\r\nTzatziki<\/b><em> von Sarina + Manuel<\/em><\/div><div class=\"food-name\"><b>anderi Grillw\u00fcrstli<\/b><em> von Tino<\/em><\/div><div class=\"food-name\"><b>Ringelw\u00fcrste 4x<\/b><em> von Tino<\/em><\/div><div class=\"food-name\"><b>Pilze, Gem\u00fcse<\/b><em> von Mireille<\/em><\/div><div class=\"food-name\"><b>Gem\u00fcse f\u00fcr den Grill<\/b><em> von Christian<\/em><\/div><div class=\"food-name\"><b>Brot und Kr\u00e4uterbutter\r\nH\u00f6rnlisalat<\/b><em> von Regina<\/em><\/div><div class=\"food-name\"><b>Grillk\u00e4se<\/b><em> von Fam. Corsini<\/em><\/div><div class=\"food-name\"><b>Tiramisu\r\nGuacamole<\/b><em> von Bea<\/em><\/div><\/div>\n<\/div>\n<\/div>\n<\/div>\n\n\n\n<div style=\"height:50px\" aria-hidden=\"true\" class=\"wp-block-spacer\"><\/div>\n\n\n\n<h2 class=\"wp-block-heading has-text-align-center\">Mir freued eus uf dich! <\/h2>\n\n\n\n<p class=\"has-text-align-center\">Hesch Frage? Meld dich bim Alessio.<\/p>\n<\/div>\n\n\n\n<div style=\"height:50px\" aria-hidden=\"true\" class=\"wp-block-spacer\"><\/div>\n<\/div>\n","protected":false},"excerpt":{"rendered":"<p>Infos Mir organisiered de Summer es &#8222;Elliker Summerf\u00e4st&#8220;. Ihglade sind Family und Friends. Mir macheds ganz unkompliziert und gm\u00fcetlich: es werded paar Festb\u00e4nk &amp; Grills ufgstellt und jede chan gern \u00f6ppis f\u00fcrs grosse Buffet mitbringe. W\u00e4nn: 24.08.25, ab 13:00 Wo: ufem Land in H\u00f6ngg Din Bitrag: 20 CHF f\u00fcr Festb\u00e4nk, Getr\u00e4nk &amp; so.. G\u00e4steliste Bringsch [&hellip;]<\/p>\n","protected":false},"author":1,"featured_media":0,"parent":0,"menu_order":0,"comment_status":"closed","ping_status":"closed","template":"","meta":{"footnotes":""},"class_list":["post-23","page","type-page","status-publish","hentry"],"_links":{"self":[{"href":"https:\/\/elliker-sommerfest.39416-47309.76.prepaid-webspace.de\/index.php\/wp-json\/wp\/v2\/pages\/23","targetHints":{"allow":["GET"]}}],"collection":[{"href":"https:\/\/elliker-sommerfest.39416-47309.76.prepaid-webspace.de\/index.php\/wp-json\/wp\/v2\/pages"}],"about":[{"href":"https:\/\/elliker-sommerfest.39416-47309.76.prepaid-webspace.de\/index.php\/wp-json\/wp\/v2\/types\/page"}],"author":[{"embeddable":true,"href":"https:\/\/elliker-sommerfest.39416-47309.76.prepaid-webspace.de\/index.php\/wp-json\/wp\/v2\/users\/1"}],"replies":[{"embeddable":true,"href":"https:\/\/elliker-sommerfest.39416-47309.76.prepaid-webspace.de\/index.php\/wp-json\/wp\/v2\/comments?post=23"}],"version-history":[{"count":50,"href":"https:\/\/elliker-sommerfest.39416-47309.76.prepaid-webspace.de\/index.php\/wp-json\/wp\/v2\/pages\/23\/revisions"}],"predecessor-version":[{"id":142,"href":"https:\/\/elliker-sommerfest.39416-47309.76.prepaid-webspace.de\/index.php\/wp-json\/wp\/v2\/pages\/23\/revisions\/142"}],"wp:attachment":[{"href":"https:\/\/elliker-sommerfest.39416-47309.76.prepaid-webspace.de\/index.php\/wp-json\/wp\/v2\/media?parent=23"}],"curies":[{"name":"wp","href":"https:\/\/api.w.org\/{rel}","templated":true}]}}